{"id":11361,"date":"2021-01-26T10:46:52","date_gmt":"2021-01-26T10:46:52","guid":{"rendered":"https:\/\/kerrock.si\/staging\/umywalki-i-zlewozmywaki\/"},"modified":"2024-05-31T09:26:32","modified_gmt":"2024-05-31T07:26:32","slug":"umywalki-i-zlewozmywaki","status":"publish","type":"page","link":"https:\/\/pl.kerrock.si\/staging\/umywalki-i-zlewozmywaki\/","title":{"rendered":"Produkty"},"content":{"rendered":"","protected":false},"excerpt":{"rendered":"","protected":false},"author":5,"featured_media":11375,"parent":0,"menu_order":0,"comment_status":"closed","ping_status":"closed","template":"page-products.php","meta":{"_acf_changed":false,"inline_featured_image":false,"footnotes":""},"class_list":["post-11361","page","type-page","status-publish","has-post-thumbnail","hentry"],"acf":[],"yoast_head":"<!-- This site is optimized with the Yoast SEO plugin v26.9 - https:\/\/yoast.com\/product\/yoast-seo-wordpress\/ -->\n<title>Produkty | Staging Kerock<\/title>\n<meta name=\"description\" content=\"U\u017cyteczno\u015b\u0107, odporno\u015b\u0107, \u0142atwe czyszczenie, \u0142adny wygl\u0105d i mo\u017cliwo\u015bci formowania to wi\u0119cej ni\u017c dobre powody, \u017ceby zdecydowa\u0107 si\u0119 na umywalk\u0119 lub zlewozmywak z kerrocka.\" \/>\n<meta name=\"robots\" content=\"noindex, follow, max-snippet:-1, max-image-preview:large, max-video-preview:-1\" \/>\n<meta property=\"og:locale\" content=\"pl_PL\" \/>\n<meta property=\"og:type\" content=\"article\" \/>\n<meta property=\"og:title\" content=\"Produkty | Staging Kerock\" \/>\n<meta property=\"og:description\" content=\"U\u017cyteczno\u015b\u0107, odporno\u015b\u0107, \u0142atwe czyszczenie, \u0142adny wygl\u0105d i mo\u017cliwo\u015bci formowania to wi\u0119cej ni\u017c dobre powody, \u017ceby zdecydowa\u0107 si\u0119 na umywalk\u0119 lub zlewozmywak z kerrocka.\" \/>\n<meta property=\"og:url\" content=\"https:\/\/pl.kerrock.si\/staging\/umywalki-i-zlewozmywaki\/\" \/>\n<meta property=\"og:site_name\" content=\"Staging Kerock\" \/>\n<meta property=\"article:modified_time\" content=\"2024-05-31T07:26:32+00:00\" \/>\n<meta property=\"og:image\" content=\"https:\/\/pl.kerrock.si\/wp-content\/uploads\/2020\/12\/umivalniki_in_pomivalniki-2.jpg\" \/>\n\t<meta property=\"og:image:width\" content=\"1920\" \/>\n\t<meta property=\"og:image:height\" content=\"700\" \/>\n\t<meta property=\"og:image:type\" content=\"image\/jpeg\" \/>\n<meta name=\"twitter:card\" content=\"summary_large_image\" \/>\n<meta name=\"twitter:label1\" content=\"Szacowany czas czytania\" \/>\n\t<meta name=\"twitter:data1\" content=\"3 minuty\" \/>\n<script type=\"application\/ld+json\" class=\"yoast-schema-graph\">{\"@context\":\"https:\/\/schema.org\",\"@graph\":[{\"@type\":\"WebPage\",\"@id\":\"https:\/\/pl.kerrock.si\/staging\/umywalki-i-zlewozmywaki\/\",\"url\":\"https:\/\/pl.kerrock.si\/staging\/umywalki-i-zlewozmywaki\/\",\"name\":\"Produkty | Staging Kerock\",\"isPartOf\":{\"@id\":\"https:\/\/pl.kerrock.si\/#website\"},\"primaryImageOfPage\":{\"@id\":\"https:\/\/pl.kerrock.si\/staging\/umywalki-i-zlewozmywaki\/#primaryimage\"},\"image\":{\"@id\":\"https:\/\/pl.kerrock.si\/staging\/umywalki-i-zlewozmywaki\/#primaryimage\"},\"thumbnailUrl\":\"https:\/\/pl.kerrock.si\/staging\/wp-content\/uploads\/2020\/12\/umivalniki_in_pomivalniki-2.jpg\",\"datePublished\":\"2021-01-26T10:46:52+00:00\",\"dateModified\":\"2024-05-31T07:26:32+00:00\",\"description\":\"U\u017cyteczno\u015b\u0107, odporno\u015b\u0107, \u0142atwe czyszczenie, \u0142adny wygl\u0105d i mo\u017cliwo\u015bci formowania to wi\u0119cej ni\u017c dobre powody, \u017ceby zdecydowa\u0107 si\u0119 na umywalk\u0119 lub zlewozmywak z kerrocka.\",\"breadcrumb\":{\"@id\":\"https:\/\/pl.kerrock.si\/staging\/umywalki-i-zlewozmywaki\/#breadcrumb\"},\"inLanguage\":\"pl-PL\",\"potentialAction\":[{\"@type\":\"ReadAction\",\"target\":[\"https:\/\/pl.kerrock.si\/staging\/umywalki-i-zlewozmywaki\/\"]}]},{\"@type\":\"ImageObject\",\"inLanguage\":\"pl-PL\",\"@id\":\"https:\/\/pl.kerrock.si\/staging\/umywalki-i-zlewozmywaki\/#primaryimage\",\"url\":\"https:\/\/pl.kerrock.si\/staging\/wp-content\/uploads\/2020\/12\/umivalniki_in_pomivalniki-2.jpg\",\"contentUrl\":\"https:\/\/pl.kerrock.si\/staging\/wp-content\/uploads\/2020\/12\/umivalniki_in_pomivalniki-2.jpg\",\"width\":1920,\"height\":700},{\"@type\":\"BreadcrumbList\",\"@id\":\"https:\/\/pl.kerrock.si\/staging\/umywalki-i-zlewozmywaki\/#breadcrumb\",\"itemListElement\":[{\"@type\":\"ListItem\",\"position\":1,\"name\":\"Home\",\"item\":\"https:\/\/pl.kerrock.si\/\"},{\"@type\":\"ListItem\",\"position\":2,\"name\":\"Produkty\"}]},{\"@type\":\"WebSite\",\"@id\":\"https:\/\/pl.kerrock.si\/#website\",\"url\":\"https:\/\/pl.kerrock.si\/\",\"name\":\"Staging Kerock\",\"description\":\"Wyobra\u017a sobie cokolwiek. My to zrealizujemy.\",\"publisher\":{\"@id\":\"https:\/\/pl.kerrock.si\/#organization\"},\"potentialAction\":[{\"@type\":\"SearchAction\",\"target\":{\"@type\":\"EntryPoint\",\"urlTemplate\":\"https:\/\/pl.kerrock.si\/?s={search_term_string}\"},\"query-input\":{\"@type\":\"PropertyValueSpecification\",\"valueRequired\":true,\"valueName\":\"search_term_string\"}}],\"inLanguage\":\"pl-PL\"},{\"@type\":\"Organization\",\"@id\":\"https:\/\/pl.kerrock.si\/#organization\",\"name\":\"Kerrock\",\"url\":\"https:\/\/pl.kerrock.si\/\",\"logo\":{\"@type\":\"ImageObject\",\"inLanguage\":\"pl-PL\",\"@id\":\"https:\/\/pl.kerrock.si\/#\/schema\/logo\/image\/\",\"url\":\"https:\/\/pl.kerrock.si\/staging\/wp-content\/uploads\/2021\/01\/facebook_share_image_1200x628_v2_20210106.jpg\",\"contentUrl\":\"https:\/\/pl.kerrock.si\/staging\/wp-content\/uploads\/2021\/01\/facebook_share_image_1200x628_v2_20210106.jpg\",\"width\":1200,\"height\":628,\"caption\":\"Kerrock\"},\"image\":{\"@id\":\"https:\/\/pl.kerrock.si\/#\/schema\/logo\/image\/\"}}]}<\/script>\n<!-- \/ Yoast SEO plugin. -->","yoast_head_json":{"title":"Produkty | Staging Kerock","description":"U\u017cyteczno\u015b\u0107, odporno\u015b\u0107, \u0142atwe czyszczenie, \u0142adny wygl\u0105d i mo\u017cliwo\u015bci formowania to wi\u0119cej ni\u017c dobre powody, \u017ceby zdecydowa\u0107 si\u0119 na umywalk\u0119 lub zlewozmywak z kerrocka.","robots":{"index":"noindex","follow":"follow","max-snippet":"max-snippet:-1","max-image-preview":"max-image-preview:large","max-video-preview":"max-video-preview:-1"},"og_locale":"pl_PL","og_type":"article","og_title":"Produkty | Staging Kerock","og_description":"U\u017cyteczno\u015b\u0107, odporno\u015b\u0107, \u0142atwe czyszczenie, \u0142adny wygl\u0105d i mo\u017cliwo\u015bci formowania to wi\u0119cej ni\u017c dobre powody, \u017ceby zdecydowa\u0107 si\u0119 na umywalk\u0119 lub zlewozmywak z kerrocka.","og_url":"https:\/\/pl.kerrock.si\/staging\/umywalki-i-zlewozmywaki\/","og_site_name":"Staging Kerock","article_modified_time":"2024-05-31T07:26:32+00:00","og_image":[{"width":1920,"height":700,"url":"https:\/\/pl.kerrock.si\/wp-content\/uploads\/2020\/12\/umivalniki_in_pomivalniki-2.jpg","type":"image\/jpeg"}],"twitter_card":"summary_large_image","twitter_misc":{"Szacowany czas czytania":"3 minuty"},"schema":{"@context":"https:\/\/schema.org","@graph":[{"@type":"WebPage","@id":"https:\/\/pl.kerrock.si\/staging\/umywalki-i-zlewozmywaki\/","url":"https:\/\/pl.kerrock.si\/staging\/umywalki-i-zlewozmywaki\/","name":"Produkty | Staging Kerock","isPartOf":{"@id":"https:\/\/pl.kerrock.si\/#website"},"primaryImageOfPage":{"@id":"https:\/\/pl.kerrock.si\/staging\/umywalki-i-zlewozmywaki\/#primaryimage"},"image":{"@id":"https:\/\/pl.kerrock.si\/staging\/umywalki-i-zlewozmywaki\/#primaryimage"},"thumbnailUrl":"https:\/\/pl.kerrock.si\/staging\/wp-content\/uploads\/2020\/12\/umivalniki_in_pomivalniki-2.jpg","datePublished":"2021-01-26T10:46:52+00:00","dateModified":"2024-05-31T07:26:32+00:00","description":"U\u017cyteczno\u015b\u0107, odporno\u015b\u0107, \u0142atwe czyszczenie, \u0142adny wygl\u0105d i mo\u017cliwo\u015bci formowania to wi\u0119cej ni\u017c dobre powody, \u017ceby zdecydowa\u0107 si\u0119 na umywalk\u0119 lub zlewozmywak z kerrocka.","breadcrumb":{"@id":"https:\/\/pl.kerrock.si\/staging\/umywalki-i-zlewozmywaki\/#breadcrumb"},"inLanguage":"pl-PL","potentialAction":[{"@type":"ReadAction","target":["https:\/\/pl.kerrock.si\/staging\/umywalki-i-zlewozmywaki\/"]}]},{"@type":"ImageObject","inLanguage":"pl-PL","@id":"https:\/\/pl.kerrock.si\/staging\/umywalki-i-zlewozmywaki\/#primaryimage","url":"https:\/\/pl.kerrock.si\/staging\/wp-content\/uploads\/2020\/12\/umivalniki_in_pomivalniki-2.jpg","contentUrl":"https:\/\/pl.kerrock.si\/staging\/wp-content\/uploads\/2020\/12\/umivalniki_in_pomivalniki-2.jpg","width":1920,"height":700},{"@type":"BreadcrumbList","@id":"https:\/\/pl.kerrock.si\/staging\/umywalki-i-zlewozmywaki\/#breadcrumb","itemListElement":[{"@type":"ListItem","position":1,"name":"Home","item":"https:\/\/pl.kerrock.si\/"},{"@type":"ListItem","position":2,"name":"Produkty"}]},{"@type":"WebSite","@id":"https:\/\/pl.kerrock.si\/#website","url":"https:\/\/pl.kerrock.si\/","name":"Staging Kerock","description":"Wyobra\u017a sobie cokolwiek. My to zrealizujemy.","publisher":{"@id":"https:\/\/pl.kerrock.si\/#organization"},"potentialAction":[{"@type":"SearchAction","target":{"@type":"EntryPoint","urlTemplate":"https:\/\/pl.kerrock.si\/?s={search_term_string}"},"query-input":{"@type":"PropertyValueSpecification","valueRequired":true,"valueName":"search_term_string"}}],"inLanguage":"pl-PL"},{"@type":"Organization","@id":"https:\/\/pl.kerrock.si\/#organization","name":"Kerrock","url":"https:\/\/pl.kerrock.si\/","logo":{"@type":"ImageObject","inLanguage":"pl-PL","@id":"https:\/\/pl.kerrock.si\/#\/schema\/logo\/image\/","url":"https:\/\/pl.kerrock.si\/staging\/wp-content\/uploads\/2021\/01\/facebook_share_image_1200x628_v2_20210106.jpg","contentUrl":"https:\/\/pl.kerrock.si\/staging\/wp-content\/uploads\/2021\/01\/facebook_share_image_1200x628_v2_20210106.jpg","width":1200,"height":628,"caption":"Kerrock"},"image":{"@id":"https:\/\/pl.kerrock.si\/#\/schema\/logo\/image\/"}}]}},"_links":{"self":[{"href":"https:\/\/pl.kerrock.si\/staging\/wp-json\/wp\/v2\/pages\/11361","targetHints":{"allow":["GET"]}}],"collection":[{"href":"https:\/\/pl.kerrock.si\/staging\/wp-json\/wp\/v2\/pages"}],"about":[{"href":"https:\/\/pl.kerrock.si\/staging\/wp-json\/wp\/v2\/types\/page"}],"author":[{"embeddable":true,"href":"https:\/\/pl.kerrock.si\/staging\/wp-json\/wp\/v2\/users\/5"}],"replies":[{"embeddable":true,"href":"https:\/\/pl.kerrock.si\/staging\/wp-json\/wp\/v2\/comments?post=11361"}],"version-history":[{"count":2,"href":"https:\/\/pl.kerrock.si\/staging\/wp-json\/wp\/v2\/pages\/11361\/revisions"}],"predecessor-version":[{"id":97929,"href":"https:\/\/pl.kerrock.si\/staging\/wp-json\/wp\/v2\/pages\/11361\/revisions\/97929"}],"wp:featuredmedia":[{"embeddable":true,"href":"https:\/\/pl.kerrock.si\/staging\/wp-json\/wp\/v2\/media\/11375"}],"wp:attachment":[{"href":"https:\/\/pl.kerrock.si\/staging\/wp-json\/wp\/v2\/media?parent=11361"}],"curies":[{"name":"wp","href":"https:\/\/api.w.org\/{rel}","templated":true}]}}